{"id":609,"date":"2022-12-05T18:50:22","date_gmt":"2022-12-05T17:50:22","guid":{"rendered":"https:\/\/fopegroup.com\/modello-231\/"},"modified":"2023-01-16T23:26:09","modified_gmt":"2023-01-16T22:26:09","slug":"model-231","status":"publish","type":"page","link":"https:\/\/fopegroup.com\/en\/governance\/model-231\/","title":{"rendered":"Model 231"},"content":{"rendered":"\n<p>I PRINCIPI GENERALI<\/p>\n\n\n\n<p>Il Decreto Legislativo 8 giugno 2001 n. 231 ha introdotto nell\u2019ordinamento giuridico italiano un sistema di responsabilit\u00e0 amministrativa degli Enti &#8211; tra cui le societ\u00e0 di capitali &#8211; per taluni reati commessi da amministratori, dirigenti o dipendenti nell\u2019interesse o a vantaggio dell\u2019Ente stesso.<\/p>\n\n\n\n<div style=\"height:25px\" aria-hidden=\"true\" class=\"wp-block-spacer\"><\/div>\n\n\n\n<p>L\u2019ADOZIONE DEL MODELLO ORGANIZZATIVO<\/p>\n\n\n\n<p>Il Consiglio di Amministrazione di FOPE ha adottato il proprio Modello Organizzativo, con lo scopo di permettere alla Societ\u00e0 di rafforzare il proprio sistema di controllo interno e di governo a tutela di tutti gli stakeholder. L\u2019adozione dimostra altres\u00ec la volont\u00e0 concreta della Societ\u00e0 di impedire e prevenire specifiche forme di reato da parte di suoi amministratori o dipendenti.<\/p>\n","protected":false},"excerpt":{"rendered":"<p>I PRINCIPI GENERALI Il Decreto Legislativo 8 giugno 2001 n. 231 ha introdotto nell\u2019ordinamento giuridico italiano un sistema di responsabilit\u00e0 amministrativa degli Enti &#8211; tra cui le societ\u00e0 di capitali &#8211; per taluni reati commessi da amministratori, dirigenti o dipendenti nell\u2019interesse o a vantaggio dell\u2019Ente stesso. L\u2019ADOZIONE DEL MODELLO ORGANIZZATIVO Il Consiglio di Amministrazione di [&hellip;]<\/p>\n","protected":false},"author":1,"featured_media":0,"parent":619,"menu_order":0,"comment_status":"closed","ping_status":"closed","template":"","meta":{"_acf_changed":false,"footnotes":""},"class_list":["post-609","page","type-page","status-publish","hentry"],"acf":[],"_links":{"self":[{"href":"https:\/\/fopegroup.com\/en\/wp-json\/wp\/v2\/pages\/609","targetHints":{"allow":["GET"]}}],"collection":[{"href":"https:\/\/fopegroup.com\/en\/wp-json\/wp\/v2\/pages"}],"about":[{"href":"https:\/\/fopegroup.com\/en\/wp-json\/wp\/v2\/types\/page"}],"author":[{"embeddable":true,"href":"https:\/\/fopegroup.com\/en\/wp-json\/wp\/v2\/users\/1"}],"replies":[{"embeddable":true,"href":"https:\/\/fopegroup.com\/en\/wp-json\/wp\/v2\/comments?post=609"}],"version-history":[{"count":1,"href":"https:\/\/fopegroup.com\/en\/wp-json\/wp\/v2\/pages\/609\/revisions"}],"predecessor-version":[{"id":3003,"href":"https:\/\/fopegroup.com\/en\/wp-json\/wp\/v2\/pages\/609\/revisions\/3003"}],"up":[{"embeddable":true,"href":"https:\/\/fopegroup.com\/en\/wp-json\/wp\/v2\/pages\/619"}],"wp:attachment":[{"href":"https:\/\/fopegroup.com\/en\/wp-json\/wp\/v2\/media?parent=609"}],"curies":[{"name":"wp","href":"https:\/\/api.w.org\/{rel}","templated":true}]}}